{"id":2629,"date":"2023-06-26T13:50:43","date_gmt":"2023-06-26T18:50:43","guid":{"rendered":"https:\/\/www.truman.com.co\/?page_id=2629"},"modified":"2023-11-25T11:15:40","modified_gmt":"2023-11-25T16:15:40","slug":"contacto","status":"publish","type":"page","link":"https:\/\/www.truman.com.co\/en\/contacto\/","title":{"rendered":"Contact"},"content":{"rendered":"<div data-elementor-type=\"wp-page\" data-elementor-id=\"2629\" class=\"elementor elementor-2629\">\n\t\t\t\t<div class=\"elementor-element elementor-element-dd18a8e e-flex e-con-boxed e-con e-parent\" data-id=\"dd18a8e\" data-element_type=\"container\" data-settings=\"{&quot;background_background&quot;:&quot;classic&quot;}\">\n\t\t\t\t\t<div class=\"e-con-inner\">\n\t\t<div class=\"elementor-element elementor-element-c11be5d e-con-full e-flex e-con e-parent\" data-id=\"c11be5d\" data-element_type=\"container\">\n\t\t\t\t<div class=\"elementor-element elementor-element-b5baa55 elementor-widget elementor-widget-heading\" data-id=\"b5baa55\" data-element_type=\"widget\" data-widget_type=\"heading.default\">\n\t\t\t\t<div class=\"elementor-widget-container\">\n\t\t\t\t\t<h2 class=\"elementor-heading-title elementor-size-default\">Natural Tours<\/h2>\t\t\t\t<\/div>\n\t\t\t\t<\/div>\n\t\t\t\t<div class=\"elementor-element elementor-element-96a4ebc elementor-widget elementor-widget-theme-post-title elementor-page-title elementor-widget-heading\" data-id=\"96a4ebc\" data-element_type=\"widget\" data-widget_type=\"theme-post-title.default\">\n\t\t\t\t<div class=\"elementor-widget-container\">\n\t\t\t\t\t<h1 class=\"elementor-heading-title elementor-size-default\">Contact<\/h1>\t\t\t\t<\/div>\n\t\t\t\t<\/div>\n\t\t\t\t<\/div>\n\t\t<div class=\"elementor-element elementor-element-0b657a5 e-con-full e-flex e-con e-parent\" data-id=\"0b657a5\" data-element_type=\"container\">\n\t\t\t\t<\/div>\n\t\t\t\t\t<\/div>\n\t\t\t\t<\/div>\n\t\t<div class=\"elementor-element elementor-element-24956eb e-flex e-con-boxed e-con e-parent\" data-id=\"24956eb\" data-element_type=\"container\">\n\t\t\t\t\t<div class=\"e-con-inner\">\n\t\t<div class=\"elementor-element elementor-element-5e3ebe1 e-con-full e-flex e-con e-parent\" data-id=\"5e3ebe1\" data-element_type=\"container\">\n\t\t<div class=\"elementor-element elementor-element-a18d93b e-flex e-con-boxed e-con e-parent\" data-id=\"a18d93b\" data-element_type=\"container\">\n\t\t\t\t\t<div class=\"e-con-inner\">\n\t\t<div class=\"elementor-element elementor-element-018f69f e-flex e-con-boxed e-con e-parent\" data-id=\"018f69f\" data-element_type=\"container\">\n\t\t\t\t\t<div class=\"e-con-inner\">\n\t\t<div class=\"elementor-element elementor-element-8196504 e-flex e-con-boxed e-con e-parent\" data-id=\"8196504\" data-element_type=\"container\">\n\t\t\t\t\t<div class=\"e-con-inner\">\n\t\t<div class=\"elementor-element elementor-element-ec3c56d e-flex e-con-boxed e-con e-parent\" data-id=\"ec3c56d\" data-element_type=\"container\">\n\t\t\t\t\t<div class=\"e-con-inner\">\n\t\t\t\t<div class=\"elementor-element elementor-element-35f0f2b elementor-widget elementor-widget-heading\" data-id=\"35f0f2b\" data-element_type=\"widget\" data-widget_type=\"heading.default\">\n\t\t\t\t<div class=\"elementor-widget-container\">\n\t\t\t\t\t<h2 class=\"elementor-heading-title elementor-size-default\">Please request your reservation for this experience by completing the following information.<\/h2>\t\t\t\t<\/div>\n\t\t\t\t<\/div>\n\t\t\t\t\t<\/div>\n\t\t\t\t<\/div>\n\t\t<div class=\"elementor-element elementor-element-08c15ba e-flex e-con-boxed e-con e-parent\" data-id=\"08c15ba\" data-element_type=\"container\">\n\t\t\t\t\t<div class=\"e-con-inner\">\n\t\t\t\t<div class=\"elementor-element elementor-element-b98a6f0 elementor-widget elementor-widget-text-editor\" data-id=\"b98a6f0\" data-element_type=\"widget\" data-widget_type=\"text-editor.default\">\n\t\t\t\t<div class=\"elementor-widget-container\">\n\t\t\t\t\t\t\t\t\t<p>By filling out this form, I authorize the processing of my data in accordance with TRUMAN ADVENTURA's data processing policy, which I have read and been informed about on the website. <a href=\"https:\/\/www.truman.com.co\/en\/politica-de-tratamiento-de-datos\/\">www.truman.com.co<\/a><\/p>\t\t\t\t\t\t\t\t<\/div>\n\t\t\t\t<\/div>\n\t\t\t\t\t<\/div>\n\t\t\t\t<\/div>\n\t\t\t\t\t<\/div>\n\t\t\t\t<\/div>\n\t\t<div class=\"elementor-element elementor-element-96e4a24 e-flex e-con-boxed e-con e-parent\" data-id=\"96e4a24\" data-element_type=\"container\">\n\t\t\t\t\t<div class=\"e-con-inner\">\n\t\t\t\t<div class=\"elementor-element elementor-element-89026d4 elementor-view-default elementor-position-top elementor-mobile-position-top elementor-widget elementor-widget-icon-box\" data-id=\"89026d4\" data-element_type=\"widget\" data-widget_type=\"icon-box.default\">\n\t\t\t\t<div class=\"elementor-widget-container\">\n\t\t\t\t\t\t\t<div class=\"elementor-icon-box-wrapper\">\n\n\t\t\t\t\t\t<div class=\"elementor-icon-box-icon\">\n\t\t\t\t<span  class=\"elementor-icon\">\n\t\t\t\t<svg xmlns=\"http:\/\/www.w3.org\/2000\/svg\" xmlns:xlink=\"http:\/\/www.w3.org\/1999\/xlink\" id=\"Capa_1\" x=\"0px\" y=\"0px\" viewbox=\"0 0 700 700\" style=\"enable-background:new 0 0 700 700;\" xml:space=\"preserve\"><path d=\"M255.8,84.2c28.9-52,94.5-70.8,146.6-41.9c17.6,9.8,32.1,24.3,41.9,41.9l237.2,426.9c28.9,52,10.2,117.7-41.9,146.6 c-16,8.9-34,13.6-52.4,13.6H112.8C53.3,671.3,5,623,5,563.5c0-18.3,4.7-36.3,13.6-52.4L255.8,84.2z M363.7,103.3 c-16.6-6.9-36.1-0.3-45.1,15.8L81.4,546c-3,5.3-4.5,11.3-4.5,17.5c0,19.8,16.1,35.9,35.9,35.9h474.4c6.1,0,12.1-1.6,17.5-4.5 c17.3-9.6,23.6-31.5,14-48.9L381.4,119.1c-3.3-5.9-8.1-10.7-14-14L363.7,103.3z M350,455.7c19.8,0,35.9,16.1,35.9,35.9 c0,19.8-16.1,35.9-35.9,35.9s-35.9-16.1-35.9-35.9C314.1,471.8,330.1,455.7,350,455.7z M385.9,240.1v179.7h-71.9V240.1L385.9,240.1z \"><\/path><\/svg>\t\t\t\t<\/span>\n\t\t\t<\/div>\n\t\t\t\n\t\t\t\t\t\t<div class=\"elementor-icon-box-content\">\n\n\t\t\t\t\t\t\t\t\t<h3 class=\"elementor-icon-box-title\">\n\t\t\t\t\t\t<span  >\n\t\t\t\t\t\t\tImportant\t\t\t\t\t\t<\/span>\n\t\t\t\t\t<\/h3>\n\t\t\t\t\n\t\t\t\t\t\t\t\t\t<p class=\"elementor-icon-box-description\">\n\t\t\t\t\t\tOnce we receive your reservation request, we will contact you to provide you with all the information about your trip and the steps to follow to make the payment. You should only make the payment when you receive our confirmation and instructions.\t\t\t\t\t<\/p>\n\t\t\t\t\n\t\t\t<\/div>\n\t\t\t\n\t\t<\/div>\n\t\t\t\t\t\t<\/div>\n\t\t\t\t<\/div>\n\t\t\t\t\t<\/div>\n\t\t\t\t<\/div>\n\t\t\t\t\t<\/div>\n\t\t\t\t<\/div>\n\t\t\t\t\t<\/div>\n\t\t\t\t<\/div>\n\t\t\t\t<\/div>\n\t\t<div class=\"elementor-element elementor-element-0d59002 e-con-full e-flex e-con e-parent\" data-id=\"0d59002\" data-element_type=\"container\">\n\t\t<div class=\"elementor-element elementor-element-7ea0a9f e-flex e-con-boxed e-con e-parent\" data-id=\"7ea0a9f\" data-element_type=\"container\" data-settings=\"{&quot;background_background&quot;:&quot;classic&quot;}\">\n\t\t\t\t\t<div class=\"e-con-inner\">\n\t\t\t\t<div class=\"elementor-element elementor-element-6be7b6a elementor-button-align-stretch elementor-widget elementor-widget-form\" data-id=\"6be7b6a\" data-element_type=\"widget\" data-settings=\"{&quot;step_next_label&quot;:&quot;Next&quot;,&quot;step_previous_label&quot;:&quot;Previous&quot;,&quot;button_width&quot;:&quot;100&quot;,&quot;step_type&quot;:&quot;number_text&quot;,&quot;step_icon_shape&quot;:&quot;circle&quot;}\" data-widget_type=\"form.default\">\n\t\t\t\t<div class=\"elementor-widget-container\">\n\t\t\t\t\t\t\t<form class=\"elementor-form\" method=\"post\" name=\"New Form\" novalidate=\"\" action=\"\">\n\t\t\t<input type=\"hidden\" name=\"post_id\" value=\"2629\"\/>\n\t\t\t<input type=\"hidden\" name=\"form_id\" value=\"6be7b6a\"\/>\n\t\t\t<input type=\"hidden\" name=\"referer_title\" value=\"\" \/>\n\n\t\t\t\n\t\t\t<div class=\"elementor-form-fields-wrapper elementor-labels-\">\n\t\t\t\t\t\t\t\t<div class=\"elementor-field-type-text elementor-field-group elementor-column elementor-field-group-name elementor-col-100\">\n\t\t\t\t\t\t\t\t\t\t\t\t<label for=\"form-field-name\" class=\"elementor-field-label elementor-screen-only\">\n\t\t\t\t\t\t\t\tName\t\t\t\t\t\t\t<\/label>\n\t\t\t\t\t\t\t\t\t\t\t\t\t\t<input size=\"1\" type=\"text\" name=\"form_fields[name]\" id=\"form-field-name\" class=\"elementor-field elementor-size-sm  elementor-field-textual\" placeholder=\"Name\">\n\t\t\t\t\t\t\t\t\t\t\t<\/div>\n\t\t\t\t\t\t\t\t<div class=\"elementor-field-type-email elementor-field-group elementor-column elementor-field-group-email elementor-col-100 elementor-field-required\">\n\t\t\t\t\t\t\t\t\t\t\t\t<label for=\"form-field-email\" class=\"elementor-field-label elementor-screen-only\">\n\t\t\t\t\t\t\t\tEmail\t\t\t\t\t\t\t<\/label>\n\t\t\t\t\t\t\t\t\t\t\t\t\t\t<input size=\"1\" type=\"email\" name=\"form_fields[email]\" id=\"form-field-email\" class=\"elementor-field elementor-size-sm  elementor-field-textual\" placeholder=\"Email\" required=\"required\" aria-required=\"true\">\n\t\t\t\t\t\t\t\t\t\t\t<\/div>\n\t\t\t\t\t\t\t\t<div class=\"elementor-field-type-tel elementor-field-group elementor-column elementor-field-group-field_fe07568 elementor-col-100 elementor-field-required\">\n\t\t\t\t\t\t\t\t\t\t\t\t<label for=\"form-field-field_fe07568\" class=\"elementor-field-label elementor-screen-only\">\n\t\t\t\t\t\t\t\tPhone\t\t\t\t\t\t\t<\/label>\n\t\t\t\t\t\t\t\t<input size=\"1\" type=\"tel\" name=\"form_fields[field_fe07568]\" id=\"form-field-field_fe07568\" class=\"elementor-field elementor-size-sm  elementor-field-textual\" placeholder=\"Phone\" required=\"required\" aria-required=\"true\" pattern=\"[0-9()#&amp;+*-=.]+\" title=\"Only numbers and phone characters (#, -, *, etc) are accepted.\">\n\n\t\t\t\t\t\t<\/div>\n\t\t\t\t\t\t\t\t<div class=\"elementor-field-type-textarea elementor-field-group elementor-column elementor-field-group-message elementor-col-100\">\n\t\t\t\t\t\t\t\t\t\t\t\t<label for=\"form-field-message\" class=\"elementor-field-label elementor-screen-only\">\n\t\t\t\t\t\t\t\tMessage\t\t\t\t\t\t\t<\/label>\n\t\t\t\t\t\t<textarea class=\"elementor-field-textual elementor-field  elementor-size-sm\" name=\"form_fields[message]\" id=\"form-field-message\" rows=\"4\" placeholder=\"Message\"><\/textarea>\t\t\t\t<\/div>\n\t\t\t\t\t\t\t\t<div class=\"elementor-field-type-recaptcha elementor-field-group elementor-column elementor-field-group-field_0b224d7 elementor-col-100\">\n\t\t\t\t\t<div class=\"elementor-field\" id=\"form-field-field_0b224d7\"><div class=\"elementor-g-recaptcha\" data-sitekey=\"6LcY4fUmAAAAAAbCFFbG9zNHTlCF7Spsxxnt9UFh\" data-type=\"v2_checkbox\" data-theme=\"light\" data-size=\"normal\"><\/div><\/div>\t\t\t\t<\/div>\n\t\t\t\t\t\t\t\t<div class=\"elementor-field-group elementor-column elementor-field-type-submit elementor-col-100 e-form__buttons\">\n\t\t\t\t\t<button type=\"submit\" class=\"elementor-button elementor-size-sm\">\n\t\t\t\t\t\t<span >\n\t\t\t\t\t\t\t\t\t\t\t\t\t\t\t<span class=\"elementor-button-icon\">\n\t\t\t\t\t\t\t\t\t\t\t\t\t\t\t\t\t\t\t\t\t\t\t\t\t\t<\/span>\n\t\t\t\t\t\t\t\t\t\t\t\t\t\t\t\t\t\t\t\t\t\t<span class=\"elementor-button-text\">Enviar<\/span>\n\t\t\t\t\t\t\t\t\t\t\t\t\t<\/span>\n\t\t\t\t\t<\/button>\n\t\t\t\t<\/div>\n\t\t\t<\/div>\n\t\t<input type=\"hidden\" name=\"trp-form-language\" value=\"en\"\/><\/form>\n\t\t\t\t\t\t<\/div>\n\t\t\t\t<\/div>\n\t\t\t\t<div class=\"elementor-element elementor-element-2b0477f elementor-widget-divider--view-line elementor-widget elementor-widget-divider\" data-id=\"2b0477f\" data-element_type=\"widget\" data-widget_type=\"divider.default\">\n\t\t\t\t<div class=\"elementor-widget-container\">\n\t\t\t\t\t\t\t<div class=\"elementor-divider\">\n\t\t\t<span class=\"elementor-divider-separator\">\n\t\t\t\t\t\t<\/span>\n\t\t<\/div>\n\t\t\t\t\t\t<\/div>\n\t\t\t\t<\/div>\n\t\t\t\t<div class=\"elementor-element elementor-element-29fabf5 elementor-position-left elementor-view-default elementor-mobile-position-top elementor-vertical-align-top elementor-widget elementor-widget-icon-box\" data-id=\"29fabf5\" data-element_type=\"widget\" data-widget_type=\"icon-box.default\">\n\t\t\t\t<div class=\"elementor-widget-container\">\n\t\t\t\t\t\t\t<div class=\"elementor-icon-box-wrapper\">\n\n\t\t\t\t\t\t<div class=\"elementor-icon-box-icon\">\n\t\t\t\t<span  class=\"elementor-icon\">\n\t\t\t\t<i aria-hidden=\"true\" class=\"fas fa-phone-alt\"><\/i>\t\t\t\t<\/span>\n\t\t\t<\/div>\n\t\t\t\n\t\t\t\t\t\t<div class=\"elementor-icon-box-content\">\n\n\t\t\t\t\t\t\t\t\t<h3 class=\"elementor-icon-box-title\">\n\t\t\t\t\t\t<span  >\n\t\t\t\t\t\t\t+57 313 2193188 - 315 2927395\t\t\t\t\t\t<\/span>\n\t\t\t\t\t<\/h3>\n\t\t\t\t\n\t\t\t\t\n\t\t\t<\/div>\n\t\t\t\n\t\t<\/div>\n\t\t\t\t\t\t<\/div>\n\t\t\t\t<\/div>\n\t\t\t\t<div class=\"elementor-element elementor-element-4408548 elementor-position-left elementor-view-default elementor-mobile-position-top elementor-vertical-align-top elementor-widget elementor-widget-icon-box\" data-id=\"4408548\" data-element_type=\"widget\" data-widget_type=\"icon-box.default\">\n\t\t\t\t<div class=\"elementor-widget-container\">\n\t\t\t\t\t\t\t<div class=\"elementor-icon-box-wrapper\">\n\n\t\t\t\t\t\t<div class=\"elementor-icon-box-icon\">\n\t\t\t\t<span  class=\"elementor-icon\">\n\t\t\t\t<svg xmlns=\"http:\/\/www.w3.org\/2000\/svg\" xmlns:xlink=\"http:\/\/www.w3.org\/1999\/xlink\" id=\"Capa_1\" x=\"0px\" y=\"0px\" viewbox=\"0 0 700 700\" style=\"enable-background:new 0 0 700 700;\" xml:space=\"preserve\"> <g> <path d=\"M431.5,220.8C409.9,199.2,380.6,187,350,187c-30.5,0-59.8,12.1-81.4,33.7c-21.6,21.6-33.7,50.9-33.7,81.4 c0,30.5,12.2,59.8,33.8,81.4c21.6,21.6,50.9,33.7,81.4,33.8v0c30.5,0,59.8-12.1,81.4-33.7c21.6-21.6,33.7-50.9,33.7-81.4 C465.2,271.7,453.1,242.4,431.5,220.8z M403.7,355.9c-14.2,14.2-33.6,22.3-53.7,22.3c-20.2,0-39.5-8-53.7-22.3 C282,341.7,274,322.4,274,302.2c0-20.1,8-39.5,22.3-53.7c14.2-14.2,33.6-22.3,53.7-22.3l0,0c20.2,0,39.5,8,53.7,22.3 C418,262.7,426,282,426,302.2C426,322.4,418,341.7,403.7,355.9z\"><\/path> <path d=\"M553.4,223.8c-10.3-32.1-28.3-61.2-52.3-84.8C460.8,99.5,406.5,77.3,350,77.3S239.2,99.5,198.9,139 c-24.1,23.6-42,52.7-52.3,84.8c-9.1,29.9-11.7,61.3-7.8,92.3c8.5,73.5,46.8,139.7,77.5,182.3l0,0c36.5,50.7,82.6,96.1,123.4,121.4 l0,0c3.1,1.9,6.7,3,10.3,3c3.6,0,7.2-1,10.3-3c40.8-25.3,86.9-70.7,123.4-121.4c30.7-42.6,69-108.8,77.5-182.3 C565.2,285.1,562.5,253.7,553.4,223.8z M522.3,311.6c-12.5,108-104.7,220.9-172.3,268.1c-67.6-47.2-159.8-160.1-172.3-268.1 c-6.6-57,9.9-105.7,48.9-144.8c33-32.2,77.3-50.2,123.4-50.2s90.4,18,123.4,50.2C512.4,205.8,528.9,254.5,522.3,311.6z\"><\/path> <\/g> <\/svg>\t\t\t\t<\/span>\n\t\t\t<\/div>\n\t\t\t\n\t\t\t\t\t\t<div class=\"elementor-icon-box-content\">\n\n\t\t\t\t\t\t\t\t\t<h3 class=\"elementor-icon-box-title\">\n\t\t\t\t\t\t<span  >\n\t\t\t\t\t\t\tColombia -Ibagu\u00e9\t\t\t\t\t\t<\/span>\n\t\t\t\t\t<\/h3>\n\t\t\t\t\n\t\t\t\t\n\t\t\t<\/div>\n\t\t\t\n\t\t<\/div>\n\t\t\t\t\t\t<\/div>\n\t\t\t\t<\/div>\n\t\t\t\t\t<\/div>\n\t\t\t\t<\/div>\n\t\t\t\t<\/div>\n\t\t\t\t\t<\/div>\n\t\t\t\t<\/div>\n\t\t<div class=\"elementor-element elementor-element-88aca1c e-flex e-con-boxed e-con e-parent\" data-id=\"88aca1c\" data-element_type=\"container\">\n\t\t\t\t\t<div class=\"e-con-inner\">\n\t\t<div class=\"elementor-element elementor-element-ce65e8f e-con-full e-flex e-con e-parent\" data-id=\"ce65e8f\" data-element_type=\"container\">\n\t\t<div class=\"elementor-element elementor-element-fc6fc97 e-flex e-con-boxed e-con e-parent\" data-id=\"fc6fc97\" data-element_type=\"container\">\n\t\t\t\t\t<div class=\"e-con-inner\">\n\t\t\t\t<div class=\"elementor-element elementor-element-a151a52 elementor-widget-divider--view-line elementor-widget elementor-widget-divider\" data-id=\"a151a52\" data-element_type=\"widget\" data-widget_type=\"divider.default\">\n\t\t\t\t<div class=\"elementor-widget-container\">\n\t\t\t\t\t\t\t<div class=\"elementor-divider\">\n\t\t\t<span class=\"elementor-divider-separator\">\n\t\t\t\t\t\t<\/span>\n\t\t<\/div>\n\t\t\t\t\t\t<\/div>\n\t\t\t\t<\/div>\n\t\t\t\t\t<\/div>\n\t\t\t\t<\/div>\n\t\t\t\t<\/div>\n\t\t\t\t\t<\/div>\n\t\t\t\t<\/div>\n\t\t<div class=\"elementor-element elementor-element-654022d e-flex e-con-boxed e-con e-parent\" data-id=\"654022d\" data-element_type=\"container\">\n\t\t\t\t\t<div class=\"e-con-inner\">\n\t\t<div class=\"elementor-element elementor-element-438c831 e-con-full e-flex e-con e-parent\" data-id=\"438c831\" data-element_type=\"container\">\n\t\t<div class=\"elementor-element elementor-element-2c418a1 e-con-full e-flex e-con e-parent\" data-id=\"2c418a1\" data-element_type=\"container\">\n\t\t\t\t<div class=\"elementor-element elementor-element-05d038d elementor-view-default elementor-position-top elementor-mobile-position-top elementor-widget elementor-widget-icon-box\" data-id=\"05d038d\" data-element_type=\"widget\" data-widget_type=\"icon-box.default\">\n\t\t\t\t<div class=\"elementor-widget-container\">\n\t\t\t\t\t\t\t<div class=\"elementor-icon-box-wrapper\">\n\n\t\t\t\t\t\t<div class=\"elementor-icon-box-icon\">\n\t\t\t\t<a href=\"https:\/\/goo.gl\/maps\/xH3FiU6zFcy4HYLv5\" target=\"_blank\" class=\"elementor-icon\" tabindex=\"-1\" aria-label=\"how to get there\">\n\t\t\t\t<svg xmlns=\"http:\/\/www.w3.org\/2000\/svg\" xmlns:xlink=\"http:\/\/www.w3.org\/1999\/xlink\" id=\"Capa_1\" x=\"0px\" y=\"0px\" viewbox=\"0 0 700 700\" style=\"enable-background:new 0 0 700 700;\" xml:space=\"preserve\"> <g> <path d=\"M431.5,220.8C409.9,199.2,380.6,187,350,187c-30.5,0-59.8,12.1-81.4,33.7c-21.6,21.6-33.7,50.9-33.7,81.4 c0,30.5,12.2,59.8,33.8,81.4c21.6,21.6,50.9,33.7,81.4,33.8v0c30.5,0,59.8-12.1,81.4-33.7c21.6-21.6,33.7-50.9,33.7-81.4 C465.2,271.7,453.1,242.4,431.5,220.8z M403.7,355.9c-14.2,14.2-33.6,22.3-53.7,22.3c-20.2,0-39.5-8-53.7-22.3 C282,341.7,274,322.4,274,302.2c0-20.1,8-39.5,22.3-53.7c14.2-14.2,33.6-22.3,53.7-22.3l0,0c20.2,0,39.5,8,53.7,22.3 C418,262.7,426,282,426,302.2C426,322.4,418,341.7,403.7,355.9z\"><\/path> <path d=\"M553.4,223.8c-10.3-32.1-28.3-61.2-52.3-84.8C460.8,99.5,406.5,77.3,350,77.3S239.2,99.5,198.9,139 c-24.1,23.6-42,52.7-52.3,84.8c-9.1,29.9-11.7,61.3-7.8,92.3c8.5,73.5,46.8,139.7,77.5,182.3l0,0c36.5,50.7,82.6,96.1,123.4,121.4 l0,0c3.1,1.9,6.7,3,10.3,3c3.6,0,7.2-1,10.3-3c40.8-25.3,86.9-70.7,123.4-121.4c30.7-42.6,69-108.8,77.5-182.3 C565.2,285.1,562.5,253.7,553.4,223.8z M522.3,311.6c-12.5,108-104.7,220.9-172.3,268.1c-67.6-47.2-159.8-160.1-172.3-268.1 c-6.6-57,9.9-105.7,48.9-144.8c33-32.2,77.3-50.2,123.4-50.2s90.4,18,123.4,50.2C512.4,205.8,528.9,254.5,522.3,311.6z\"><\/path> <\/g> <\/svg>\t\t\t\t<\/a>\n\t\t\t<\/div>\n\t\t\t\n\t\t\t\t\t\t<div class=\"elementor-icon-box-content\">\n\n\t\t\t\t\t\t\t\t\t<h3 class=\"elementor-icon-box-title\">\n\t\t\t\t\t\t<a href=\"https:\/\/goo.gl\/maps\/xH3FiU6zFcy4HYLv5\" target=\"_blank\" >\n\t\t\t\t\t\t\thow to get there\t\t\t\t\t\t<\/a>\n\t\t\t\t\t<\/h3>\n\t\t\t\t\n\t\t\t\t\n\t\t\t<\/div>\n\t\t\t\n\t\t<\/div>\n\t\t\t\t\t\t<\/div>\n\t\t\t\t<\/div>\n\t\t\t\t<\/div>\n\t\t<div class=\"elementor-element elementor-element-f9659da e-flex e-con-boxed e-con e-parent\" data-id=\"f9659da\" data-element_type=\"container\">\n\t\t\t\t\t<div class=\"e-con-inner\">\n\t\t\t\t<div class=\"elementor-element elementor-element-4c6a916 elementor-widget elementor-widget-google_maps\" data-id=\"4c6a916\" data-element_type=\"widget\" data-widget_type=\"google_maps.default\">\n\t\t\t\t<div class=\"elementor-widget-container\">\n\t\t\t\t\t\t\t<div class=\"elementor-custom-embed\">\n\t\t\t<iframe loading=\"lazy\"\n\t\t\t\t\tsrc=\"https:\/\/maps.google.com\/maps?q=4.557816952199434%2C%20-75.3278532093639&#038;t=m&#038;z=11&#038;output=embed&#038;iwloc=near\"\n\t\t\t\t\ttitle=\"4.557816952199434, -75.3278532093639\"\n\t\t\t\t\taria-label=\"4.557816952199434, -75.3278532093639\"\n\t\t\t><\/iframe>\n\t\t<\/div>\n\t\t\t\t\t\t<\/div>\n\t\t\t\t<\/div>\n\t\t\t\t\t<\/div>\n\t\t\t\t<\/div>\n\t\t\t\t<\/div>\n\t\t\t\t\t<\/div>\n\t\t\t\t<\/div>\n\t\t\t\t<\/div>","protected":false},"excerpt":{"rendered":"<p>Tours Naturales Solicite su reserva para esta experiencia completando los siguientes datos. Al diligenciar este formato, doy mi autorizaci\u00f3n para el tratamiento de mis datos de acuerdo con la pol\u00edtica de tratamiento de datos de TRUMAN ADVENTURA la cual he le\u00eddo y se me ha informado previamente en la p\u00e1gina web www.truman.com.co Importante Una vez [&hellip;]<\/p>","protected":false},"author":1,"featured_media":0,"parent":0,"menu_order":0,"comment_status":"closed","ping_status":"closed","template":"elementor_header_footer","meta":{"_acf_changed":false,"footnotes":""},"class_list":["post-2629","page","type-page","status-publish","hentry","travel-monster-post","no-post-thumbnail","latest_post"],"acf":[],"_links":{"self":[{"href":"https:\/\/www.truman.com.co\/en\/wp-json\/wp\/v2\/pages\/2629","targetHints":{"allow":["GET"]}}],"collection":[{"href":"https:\/\/www.truman.com.co\/en\/wp-json\/wp\/v2\/pages"}],"about":[{"href":"https:\/\/www.truman.com.co\/en\/wp-json\/wp\/v2\/types\/page"}],"author":[{"embeddable":true,"href":"https:\/\/www.truman.com.co\/en\/wp-json\/wp\/v2\/users\/1"}],"replies":[{"embeddable":true,"href":"https:\/\/www.truman.com.co\/en\/wp-json\/wp\/v2\/comments?post=2629"}],"version-history":[{"count":22,"href":"https:\/\/www.truman.com.co\/en\/wp-json\/wp\/v2\/pages\/2629\/revisions"}],"predecessor-version":[{"id":2973,"href":"https:\/\/www.truman.com.co\/en\/wp-json\/wp\/v2\/pages\/2629\/revisions\/2973"}],"wp:attachment":[{"href":"https:\/\/www.truman.com.co\/en\/wp-json\/wp\/v2\/media?parent=2629"}],"curies":[{"name":"wp","href":"https:\/\/api.w.org\/{rel}","templated":true}]}}